{"id":2352,"date":"2024-06-18T08:25:35","date_gmt":"2024-06-18T08:25:35","guid":{"rendered":"https:\/\/itservices.comcart.it\/cookie\/"},"modified":"2024-11-16T21:12:53","modified_gmt":"2024-11-16T21:12:53","slug":"cookie","status":"publish","type":"page","link":"https:\/\/itservices.comcart.it\/it\/cookie\/","title":{"rendered":"Cookie"},"content":{"rendered":"\t\t<div data-elementor-type=\"wp-page\" data-elementor-id=\"2352\" class=\"elementor elementor-2352 elementor-24\" data-elementor-post-type=\"page\">\n\t\t\t\t<div class=\"elementor-element elementor-element-1f90305 e-flex e-con-boxed e-con e-parent\" data-id=\"1f90305\" data-element_type=\"container\">\n\t\t\t\t\t<div class=\"e-con-inner\">\n\t\t<div class=\"elementor-element elementor-element-10077b0 e-con-full e-flex e-con e-child\" data-id=\"10077b0\" data-element_type=\"container\">\n\t\t\t\t<div class=\"elementor-element elementor-element-f836fbe elementor-widget elementor-widget-heading\" data-id=\"f836fbe\" data-element_type=\"widget\" data-widget_type=\"heading.default\">\n\t\t\t\t<div class=\"elementor-widget-container\">\n\t\t\t\t\t<h2 class=\"elementor-heading-title elementor-size-default\">Cookie<\/h2>\t\t\t\t<\/div>\n\t\t\t\t<\/div>\n\t\t\t\t<div class=\"elementor-element elementor-element-2c95b78 elementor-widget elementor-widget-text-editor\" data-id=\"2c95b78\" data-element_type=\"widget\" data-widget_type=\"text-editor.default\">\n\t\t\t\t<div class=\"elementor-widget-container\">\n\t\t\t\t\t\t\t\t\t<p><b>La nostra cookie policy<\/b><\/p>\n<p>Questa pagina riassume come ComCart <sup>\u00ae<\/sup> Srl utilizza le informazioni che vengono raccolte durante l&#8217;utilizzo del sito itservices.comcart.it (di seguito anche &#8220;sito ComCart <sup>\u00ae<\/sup> &#8220;), con la massima attenzione alla tutela dei dati personali. Durante il normale utilizzo del sito e delle sue funzionalit\u00e0, potrebbe esserti richiesto di fornire alcune informazioni attraverso le quali potresti essere identificato. ComCart <sup>\u00ae<\/sup> Srl si impegna a utilizzare tali dati in conformit\u00e0 a quanto descritto nel presente documento. Eventuali modifiche alla politica di utilizzo dei cookie saranno tempestivamente rese pubbliche aggiornando questa pagina. \u00c8 possibile per tutti gli utenti verificare eventuali modifiche visitandola di volta in volta.    <\/p>\n<p>I cookie sono piccole porzioni di codice (file di testo) contenenti informazioni che i siti web memorizzano sul dispositivo utilizzato per la navigazione e possono comportare la trasmissione di informazioni tra sito e dispositivo. Nel normale funzionamento, grazie ai cookie, il sito ricorda le azioni e le preferenze impostate dagli utenti (ad esempio, login, lingua, riempimento del carrello e altre impostazioni di visualizzazione delle pagine) in modo che non debbano essere reinserite in una visita successiva o quando si naviga da una pagina all&#8217;altra. I cookie possono anche fornire informazioni ad altri siti, che operano per conto di ComCart <sup>\u00ae<\/sup> Srl o privatamente, conformemente alle rispettive Privacy Policy.  <\/p>\n<p>Puoi decidere autonomamente, modificando le impostazioni del tuo browser, di ricevere un avviso ogni volta che viene inviato un cookie o di inibire l&#8217;uso di alcuni o tutti i cookie. Disabilitando i cookie, tuttavia, alcuni dei nostri servizi potrebbero non funzionare correttamente e non potrai accedere a molte funzionalit\u00e0 pensate per ottimizzare la tua esperienza di navigazione, tra cui l&#8217;uso del Carrello. Per disabilitare o abilitare specifici cookie, puoi seguire le guide fornite dagli sviluppatori dei singoli browser: per Google Chrome <a href=\"https:\/\/support.google.com\/accounts\/answer\/61416?hl=it\" target=\"_blank\" rel=\"noopener\">clicca qui<\/a> \u2013 per Mozilla Firefox <a href=\"https:\/\/support.mozilla.org\/it\/kb\/protezione-antitracciamento-avanzata-firefox-desktop?redirectslug=Attivare+e+disattivare+i+cookie&amp;redirectlocale=it\" target=\"_blank\" rel=\"noopener\">clicca qui<\/a> \u2013 per Microsoft Internet Explorer, <a href=\"https:\/\/support.microsoft.com\/it-it\/windows\/eliminare-e-gestire-i-cookie-168dab11-0753-043d-7c16-ede5947fc64d\" target=\"_blank\" rel=\"noopener\">clicca qui<\/a> . Per altri browser, consulta le istruzioni dei rispettivi sviluppatori. Per maggiori informazioni sulla gestione o disabilitazione dei cookie nei browser, puoi consultare <a href=\"https:\/\/allaboutcookies.org\/\" target=\"_blank\" rel=\"noopener\">allaboutcookies.org<\/a> .    <\/p>\n<p><b>Quali dati raccogliamo<\/b><\/p>\n<p>Durante l&#8217;esperienza di navigazione e di acquisto, il sito web comcart.co.uk utilizza vari tipi di cookie, con funzioni diverse. Alcuni cookie sono strettamente necessari per memorizzare sessioni e visite successive, mentre altri ci consentono di migliorare le prestazioni del sito. Durante gli acquisti e la registrazione dell&#8217;Account, potrebbero essere raccolte anche le seguenti informazioni personali, consapevolmente divulgate dagli utenti:  <\/p>\n<ul>\n<li>nome e cognome<\/li>\n<li>informazioni di contatto, inclusi gli indirizzi e-mail<\/li>\n<li>informazioni demografiche come codice postale, preferenze e interessi<\/li>\n<li>altre informazioni rilevanti per indagini di mercato e offerte<\/li>\n<\/ul>\n<p>Per una panoramica dettagliata \u00e8 possibile consultare l&#8217;Elenco dei Cookie utilizzati sul sito.<\/p>\n<p><strong>Cosa facciamo con le informazioni che raccogliamo<\/strong><\/p>\n<p>Alcune delle informazioni raccolte sono utili per offrire una migliore esperienza di navigazione agli utenti. In particolare, i cookie sono utili per i seguenti motivi: <\/p>\n<ul>\n<li>Elaborazione dei dati per uso interno e statistico.<\/li>\n<li>Elaborazione dei dati per migliorare i nostri prodotti e servizi ai consumatori.<\/li>\n<li>Possibile utilizzo a fini promozionali, ove pertinente, per inviare offerte periodiche, newsletter, promozioni speciali o altre comunicazioni via e-mail che potrebbero essere ritenute di tuo interesse.<\/li>\n<li>Possibile utilizzo per ricerche di mercato via e-mail, telefono o fax. Le informazioni che raccogliamo possono essere utilizzate per personalizzare l&#8217;esperienza del sito in base agli interessi dell&#8217;utente. <\/li>\n<\/ul>\n<p><strong>Sicurezza dei dati<\/strong><\/p>\n<p>ComCart <sup>\u00ae<\/sup> Srl presta la massima attenzione a garantire che le informazioni fornite dagli utenti siano archiviate e gestite in modo sicuro. Per impedire l&#8217;accesso non autorizzato o la decifratura, abbiamo messo in atto procedure informatiche, elettroniche e gestionali appropriate progettate per salvaguardare e proteggere le informazioni che raccogliamo online. <\/p>\n<p><strong>Link ad altri siti web<\/strong><\/p>\n<p>Il sito web comcart.com pu\u00f2 contenere link ad altri siti di interesse generale. Dovresti essere consapevole che una volta che utilizzi i link per lasciare questo sito, non abbiamo alcun controllo sui siti che visiti successivamente. Per questo motivo, non possiamo essere ritenuti responsabili in alcun modo per la protezione dei dati e la privacy di qualsiasi informazione tu possa fornire visitando tali siti e che tali siti non rientrano in alcun modo nell&#8217;ambito di quanto descritto nella presente informativa sulla privacy. \u00c8 sempre consigliabile che, una volta lasciato questo sito, tu consulti l&#8217;uso dei cookie e l&#8217;informativa sulla privacy di tale sito.   <\/p>\n<p><strong>Come limitare e controllare l&#8217;uso dei cookie<\/strong><\/p>\n<p>La maggior parte dei browser Web accetta automaticamente i cookie, ma puoi sempre modificare le impostazioni del browser per rifiutare l&#8217;uso di determinati cookie. Devi essere consapevole che questo potrebbe rendere inutilizzabili alcune funzionalit\u00e0 del sito Web comcart.co.uk. Ogni utente ha anche la possibilit\u00e0 di scegliere se limitare l&#8217;accesso alla raccolta online e all&#8217;uso delle proprie informazioni personali nei seguenti modi:  <\/p>\n<p>quando ti viene chiesto di compilare un modulo, puoi verificare se \u00e8 presente un&#8217;opzione per inibire l&#8217;uso di qualsiasi informazione raccolta per scopi di marketing;<br \/>anche se hai precedentemente acconsentito all&#8217;uso delle tue informazioni per azioni di marketing diretto, puoi sempre cambiare idea in qualsiasi momento richiedendo una modifica per iscritto o inviando un&#8217;e-mail a: <a href=\"mailto:info@comcart.it\">info@comcart.it<\/a><\/p>\n<p>ComCart <sup>\u00ae<\/sup> Srl non vende a terzi, distribuisce o cede a terzi le informazioni personali raccolte nei propri database, fatta eccezione per i casi in cui gli utenti abbiano espresso il loro consenso o non vi sia una richiesta ufficiale da parte delle autorit\u00e0.<br \/>Se ritieni che qualsiasi informazione su di te sia errata o incompleta, ti preghiamo di inviarci un&#8217;e-mail indicando quali dati correggere, utilizzando l&#8217;indirizzo sopra indicato. Agiremo tempestivamente per correggere i dati. <\/p>\n<p><strong>Elenco dei cookie che utilizziamo<\/strong><\/p>\n<p>Questa tabella riassume i cookie necessari e funzionali utilizzati dal sito e che tipo di informazioni raccolgono.<br \/>Nome del cookie \u2013 Descrizione<\/p>\n<ul>\n<li>woocommerce_cart_hash \u2013 Esegue l\u2019associazione tra l\u2019utente e il suo carrello<\/li>\n<li>woocommerce_items_in_cart \u2013 Registra le informazioni sulla cronologia del carrello dell&#8217;utente e lo stato attuale dei prodotti nel carrello.<\/li>\n<li>wp_woocommerce_session_ \u2013 Registra le preferenze dell&#8217;utente per la visualizzazione del negozio e la lingua.<\/li>\n<li>CATEGORY_INFO \u2013 Registra i dati informativi della categoria sulla pagina, consentendo una visualizzazione pi\u00f9 rapida del sito.<\/li>\n<li>COMPARE \u2013 Memorizza gli elementi che l&#8217;utente aggiunge al proprio elenco di confronto.<\/li>\n<li>CURRENCY \u2013 Gestisce la valuta preferita dell&#8217;utente<\/li>\n<li>CUSTOMER \u2013 Registra in forma crittografata un ID utente nel negozio.<\/li>\n<li>CUSTOMER_AUTH \u2013 Registra se l&#8217;utente ha effettuato l&#8217;accesso o meno in un dato momento.<\/li>\n<li>CUSTOMER_INFO \u2013 Registra in forma crittografata il gruppo clienti a cui appartiene l\u2019utente.<\/li>\n<li>CUSTOMER_SEGMENT_IDS \u2013 Registra il segmento ID a cui appartiene un determinato utente.<\/li>\n<li>EXTERNAL_NO_CACHE \u2013 Registra un flag che indica se la memorizzazione nella cache \u00e8 stata disabilitata o meno.<\/li>\n<li>FRONTEND \u2013 Registra un ID di sessione univoco per ciascun utente sul server.<\/li>\n<li>GUEST-VIEW \u2013 Ricorda se gli utenti possono modificare gli ordini come ospiti.<\/li>\n<li>LAST_CATEGORY \u2013 Registra la categoria pi\u00f9 recente visitata dall\u2019utente.<\/li>\n<li>LAST_PRODUCT \u2013 Registra l\u2019ultimo prodotto visualizzato dall\u2019utente.<\/li>\n<li>NEWMESSAGE \u2013 Indica se \u00e8 stato ricevuto un nuovo messaggio.<\/li>\n<li>NO_CACHE \u2013 Indica se la cache pu\u00f2 essere utilizzata o meno.<\/li>\n<li>PERSISTENT_SHOPPING_CART \u2013 Registra le informazioni sulla cronologia del carrello dell&#8217;utente e lo stato attuale dei prodotti nel carrello.<\/li>\n<li>POLL \u2013 Registra gli ID di tutti i sondaggi per i quali hai votato di recente.<\/li>\n<li>POLLN \u2013 Registra informazioni sui sondaggi a cui l&#8217;utente ha partecipato.<\/li>\n<li>RECENTLYCOMPARED \u2013 Registra gli elementi che sono stati confrontati di recente dall&#8217;utente.<\/li>\n<li>STF \u2013 Registra le informazioni sui prodotti inviate via email agli amici.<\/li>\n<li>STORE \u2013 Registra le preferenze dell&#8217;utente per la visualizzazione e la lingua del negozio.<\/li>\n<li>USER_ALLOWED_SAVE_COOKIE \u2013 Registra se l\u2019utente ha accettato l\u2019uso dei cookie.<\/li>\n<li>VIEWED_PRODUCT_IDS \u2013 Registra i prodotti visualizzati di recente dall&#8217;utente.<\/li>\n<li>WISHLIST \u2013 Registra in forma crittografata i prodotti aggiunti alla Wishlist dall\u2019utente.<\/li>\n<li>WISHLIST_CNT \u2013 Registra il numero di articoli nella lista dei desideri dell&#8217;utente.<\/li>\n<\/ul>\n<p><strong>Cookie di prestazione<\/strong><\/p>\n<p>Durante l&#8217;esperienza di navigazione, anche societ\u00e0 terze utilizzano specifici cookie attraverso questo sito, raccogliendo dati, tra cui gli indirizzi IP degli accessi, con le seguenti finalit\u00e0:<\/p>\n<ul>\n<li>per fornire a ComCart <sup>\u00ae<\/sup> Srl statistiche sui dati di navigazione<\/li>\n<li>analizzare come gli utenti utilizzano il sito<\/li>\n<li>compilare report sulle attivit\u00e0 del sito<\/li>\n<li>tracciare il numero di utenti anonimi<\/li>\n<li>per garantire la sicurezza dei carrelli della spesa e delle transazioni.<\/li>\n<\/ul>\n<p><strong>Cookie di terze parti<\/strong><\/p>\n<p><strong>Servizi forniti da Hotjar<\/strong> \u2013 utilizza i cookie per raccogliere informazioni in forma anonima, tra cui informazioni standard di log di Internet e dettagli sui modelli comportamentali durante le visite degli utenti. Ci\u00f2 consente agli sviluppatori di un sito di fornire soluzioni per migliorare l&#8217;esperienza di navigazione, identificare le preferenze, diagnosticare problemi tecnici, analizzare le tendenze su un sito Web. &#8220;feedback polls&#8221;: gestisce questionari e sondaggi sul funzionamento del sito \u2013 &#8220;surveys&#8221;: gestisce questionari per i clienti del sito \u2013 &#8220;heatmaps&#8221;: gestisce mappe di interazione, per verificare aree di interesse \u2013 &#8220;video recording&#8221;: gestisce la registrazione video del comportamento dell&#8217;interfaccia, in forma anonima \u2013 &#8220;incoming feedback&#8221;: consente ai visitatori del sito di lasciare valutazioni &#8220;visive&#8221; sul sito stesso condividendo una valutazione e un possibile commento. Per maggiori informazioni puoi visitare la <a href=\"https:\/\/www.hotjar.com\/privacy\/\" target=\"_blank\" rel=\"noopener\">privacy policy del servizio<\/a> .   <\/p>\n<p><strong>Servizi forniti da Formismo\u2122<\/strong> \u2013 cookie analitici e di performance: ci consentono di riconoscere e stimare il numero di visitatori del sito e di valutare come i visitatori si muovono nel nostro sito web durante il normale utilizzo. Questo tipo di servizio ci aiuta a migliorare il modo in cui funziona il nostro sito, ad esempio, assicurando che gli utenti trovino facilmente ci\u00f2 che stanno cercando e personalizzando i nostri contenuti per i singoli utenti ricordando le loro preferenze (ad esempio: scelta della lingua o della regione). Per maggiori informazioni puoi visitare <a href=\"https:\/\/www.zuko.io\/formisimo\" target=\"_blank\" rel=\"noopener\">l&#8217;informativa sulla privacy del servizio<\/a> .  <\/p>\n<p>Utilizzando questo sito web senza inibire l&#8217;uso dei cookie, acconsenti pertanto anche al trattamento dei dati da parte di societ\u00e0 terze con le modalit\u00e0 e per le finalit\u00e0 sopraindicate.<\/p>\n\t\t\t\t\t\t\t\t<\/div>\n\t\t\t\t<\/div>\n\t\t\t\t<\/div>\n\t\t\t\t\t<\/div>\n\t\t\t\t<\/div>\n\t\t\t\t<\/div>\n\t\t","protected":false},"excerpt":{"rendered":"<p>Cookie La nostra cookie policy Questa pagina riassume come ComCart \u00ae Srl utilizza le informazioni che vengono raccolte durante l&#8217;utilizzo [&hellip;]<\/p>\n","protected":false},"author":1,"featured_media":0,"parent":0,"menu_order":0,"comment_status":"closed","ping_status":"closed","template":"elementor_header_footer","meta":{"site-sidebar-layout":"no-sidebar","site-content-layout":"","ast-site-content-layout":"full-width-container","site-content-style":"default","site-sidebar-style":"default","ast-global-header-display":"","ast-banner-title-visibility":"","ast-main-header-display":"","ast-hfb-above-header-display":"","ast-hfb-below-header-display":"","ast-hfb-mobile-header-display":"","site-post-title":"disabled","ast-breadcrumbs-content":"","ast-featured-img":"disabled","footer-sml-layout":"","ast-disable-related-posts":"","theme-transparent-header-meta":"","adv-header-id-meta":"","stick-header-meta":"","header-above-stick-meta":"","header-main-stick-meta":"","header-below-stick-meta":"","astra-migrate-meta-layouts":"default","ast-page-background-enabled":"default","ast-page-background-meta":{"desktop":{"background-color":"var(--ast-global-color-4)","background-image":"","background-repeat":"repeat","background-position":"center center","background-size":"auto","background-attachment":"scroll","background-type":"","background-media":"","overlay-type":"","overlay-color":"","overlay-opacity":"","overlay-gradient":""},"tablet":{"background-color":"","background-image":"","background-repeat":"repeat","background-position":"center center","background-size":"auto","background-attachment":"scroll","background-type":"","background-media":"","overlay-type":"","overlay-color":"","overlay-opacity":"","overlay-gradient":""},"mobile":{"background-color":"","background-image":"","background-repeat":"repeat","background-position":"center center","background-size":"auto","background-attachment":"scroll","background-type":"","background-media":"","overlay-type":"","overlay-color":"","overlay-opacity":"","overlay-gradient":""}},"ast-content-background-meta":{"desktop":{"background-color":"var(--ast-global-color-5)","background-image":"","background-repeat":"repeat","background-position":"center center","background-size":"auto","background-attachment":"scroll","background-type":"","background-media":"","overlay-type":"","overlay-color":"","overlay-opacity":"","overlay-gradient":""},"tablet":{"background-color":"var(--ast-global-color-5)","background-image":"","background-repeat":"repeat","background-position":"center center","background-size":"auto","background-attachment":"scroll","background-type":"","background-media":"","overlay-type":"","overlay-color":"","overlay-opacity":"","overlay-gradient":""},"mobile":{"background-color":"var(--ast-global-color-5)","background-image":"","background-repeat":"repeat","background-position":"center center","background-size":"auto","background-attachment":"scroll","background-type":"","background-media":"","overlay-type":"","overlay-color":"","overlay-opacity":"","overlay-gradient":""}},"footnotes":""},"class_list":["post-2352","page","type-page","status-publish","hentry"],"_links":{"self":[{"href":"https:\/\/itservices.comcart.it\/it\/wp-json\/wp\/v2\/pages\/2352","targetHints":{"allow":["GET"]}}],"collection":[{"href":"https:\/\/itservices.comcart.it\/it\/wp-json\/wp\/v2\/pages"}],"about":[{"href":"https:\/\/itservices.comcart.it\/it\/wp-json\/wp\/v2\/types\/page"}],"author":[{"embeddable":true,"href":"https:\/\/itservices.comcart.it\/it\/wp-json\/wp\/v2\/users\/1"}],"replies":[{"embeddable":true,"href":"https:\/\/itservices.comcart.it\/it\/wp-json\/wp\/v2\/comments?post=2352"}],"version-history":[{"count":1,"href":"https:\/\/itservices.comcart.it\/it\/wp-json\/wp\/v2\/pages\/2352\/revisions"}],"predecessor-version":[{"id":2353,"href":"https:\/\/itservices.comcart.it\/it\/wp-json\/wp\/v2\/pages\/2352\/revisions\/2353"}],"wp:attachment":[{"href":"https:\/\/itservices.comcart.it\/it\/wp-json\/wp\/v2\/media?parent=2352"}],"curies":[{"name":"wp","href":"https:\/\/api.w.org\/{rel}","templated":true}]}}