{"id":2319,"date":"2024-06-18T08:25:17","date_gmt":"2024-06-18T08:25:17","guid":{"rendered":"https:\/\/itservices.comcart.it\/informativa-sulla-privacy\/"},"modified":"2024-11-13T16:51:17","modified_gmt":"2024-11-13T16:51:17","slug":"informativa-sulla-privacy","status":"publish","type":"page","link":"https:\/\/itservices.comcart.it\/it\/informativa-sulla-privacy\/","title":{"rendered":"Informativa sulla privacy"},"content":{"rendered":"\t\t<div data-elementor-type=\"wp-page\" data-elementor-id=\"2319\" class=\"elementor elementor-2319 elementor-22\" data-elementor-post-type=\"page\">\n\t\t\t\t<div class=\"elementor-element elementor-element-832d181 e-flex e-con-boxed e-con e-parent\" data-id=\"832d181\" data-element_type=\"container\">\n\t\t\t\t\t<div class=\"e-con-inner\">\n\t\t<div class=\"elementor-element elementor-element-9f6a17d e-con-full e-flex e-con e-child\" data-id=\"9f6a17d\" data-element_type=\"container\">\n\t\t\t\t<div class=\"elementor-element elementor-element-86b0d10 elementor-widget elementor-widget-heading\" data-id=\"86b0d10\" data-element_type=\"widget\" data-widget_type=\"heading.default\">\n\t\t\t\t<div class=\"elementor-widget-container\">\n\t\t\t\t\t<h2 class=\"elementor-heading-title elementor-size-default\">Informativa sulla privacy  <\/h2>\t\t\t\t<\/div>\n\t\t\t\t<\/div>\n\t\t\t\t<div class=\"elementor-element elementor-element-6cc5d7a elementor-widget elementor-widget-text-editor\" data-id=\"6cc5d7a\" data-element_type=\"widget\" data-widget_type=\"text-editor.default\">\n\t\t\t\t<div class=\"elementor-widget-container\">\n\t\t\t\t\t\t\t\t\t<p><strong>INFORMATIVA ai sensi dell&#8217;art. dall&#8217;art. 13 del Regolamento UE 679\/2016 (GDPR). <\/strong><\/p>\n<p>Informiamo che <sup>ComCart\u00ae<\/sup> S.r.l. (di seguito anche &#8220;<sup>ComCart\u00ae<\/sup>&#8220;) tratta i dati per le seguenti finalit\u00e0:<\/p>\n<ol>\n<li><strong>FINALIT\u00c0 E BASE GIURIDICA DEL TRATTAMENTO<\/strong><\/li>\n<\/ol>\n<ul>\n<li>Per consentire e gestire la registrazione a questo sito web.<\/li>\n<li>rispondere a qualsiasi richiesta di informazioni che ci venga fatta attraverso gli appositi canali del sito.<\/li>\n<\/ul>\n<p>La base giuridica del trattamento dei dati per le finalit\u00e0 di cui sopra \u00e8 l&#8217;adempimento degli obblighi contrattuali e il conferimento dei dati, necessari per regolare l&#8217;esecuzione dei servizi descritti e richiesti (richieste), che altrimenti non potranno essere eseguiti.<\/p>\n<ol start=\"2\">\n<li><strong>TITOLARE DEL TRATTAMENTO E DPO (RESPONSABILE DEL TRATTAMENTO DEI DATI PERSONALI)<\/strong><\/li>\n<\/ol>\n<p>Il Titolare del trattamento \u00e8 <sup>ComCart\u00ae<\/sup> S.r.l., con sede legale in Via Matteotti 43 &#8211; 47122 Gatteo (FC),<br \/>indirizzo PEC <a href=\"mailto:comcart@legalmail.it\">comcart@legalmail.it<\/a><\/p>\n<p>Il Titolare del trattamento pu\u00f2 essere contattato via e-mail all&#8217;indirizzo <a href=\"mailto:privacy@comcart.it\">privacy@comcart.it<\/a>.<\/p>\n<p>Il Responsabile della Protezione dei Dati (DPO) pu\u00f2 essere contattato all&#8217;indirizzo della sede legale o all&#8217;indirizzo email: <a href=\"mailto:privacy@comcart.it\">privacy@comcart.it<\/a><\/p>\n<ol start=\"3\">\n<li><strong>PROCESSORI DI DATI<\/strong><\/li>\n<\/ol>\n<p>Nell&#8217;ambito delle proprie attivit\u00e0 e per le finalit\u00e0 sopra indicate, <sup>ComCart\u00ae<\/sup> potr\u00e0 avvalersi di servizi resi da soggetti terzi che operano per conto di <sup>ComCart\u00ae<\/sup> e secondo le sue istruzioni, in qualit\u00e0 di Responsabili del trattamento. Si tratta di soggetti che forniscono a <sup>ComCart\u00ae<\/sup> servizi elaborativi o strumentali (es. gestione e manutenzione tecnica del CRM, servizi informatici per il funzionamento del sito, etc.). <\/p>\n<p>In ogni caso, il trattamento \u00e8 effettuato in modo da garantire la sicurezza e la riservatezza dei dati, mediante l&#8217;adozione delle misure previste dall&#8217;articolo 32 del Regolamento, al fine di preservare l&#8217;integrit\u00e0 dei dati trattati e di impedirne l&#8217;accesso a soggetti non autorizzati.<\/p>\n<ol start=\"4\">\n<li><strong>TIPO DI DATI TRATTATI<\/strong><\/li>\n<\/ol>\n<p>I dati raccolti e trattati dal Titolare sono dati di natura personale degli iscritti, ossia informazioni attraverso le quali un soggetto pu\u00f2 essere identificato come persona fisica (a titolo esemplificativo: nome, cognome, data di nascita, residenza, domicilio, indirizzo e-mail, numero di telefono, etc.) e possono includere, previo consenso, altre informazioni.<\/p>\n<ol start=\"5\">\n<li><strong>METODI E DURATA DEL TRATTAMENTO<\/strong><\/li>\n<\/ol>\n<p>I dati saranno trattati nel pieno rispetto dei principi di riservatezza, correttezza, necessit\u00e0, pertinenza, liceit\u00e0 e trasparenza previsti dal Regolamento, per il tempo necessario a conseguire gli scopi per i quali i dati sono stati raccolti o, nel caso di acquisto di beni, per il tempo necessario all&#8217;esecuzione delle condizioni contrattuali e degli obblighi di conservazione previsti dalla normativa vigente in materia fiscale e amministrativa.<\/p>\n<ol start=\"6\">\n<li><strong>TRASFERIMENTO DEI DATI PERSONALI AL DI FUORI DELL&#8217;UE<\/strong><\/li>\n<\/ol>\n<p>I dati dell&#8217;interessato possono essere trattati anche da fornitori di servizi informatici, in qualit\u00e0 di Responsabili del trattamento, che operano al di fuori dell&#8217;Unione Europea.<\/p>\n<p><sup>ComCart\u00ae<\/sup>, in ottemperanza alla normativa sul trasferimento dei dati in un paese extraeuropeo, si impegna a stipulare, se necessario, accordi che garantiscano un adeguato livello di protezione e\/o a sottoscrivere le clausole contrattuali standard di cui all&#8217;Allegato alla Decisione della Commissione Europea n. 2010\/87\/UE del 5 febbraio 2010.<\/p>\n<ol start=\"7\">\n<li><strong>DIRITTI DELLE PARTI INTERESSATE<\/strong><\/li>\n<\/ol>\n<p>Sono riconosciuti i diritti di cui agli articoli 15 e seguenti del Regolamento e pertanto l&#8217;interessato, in qualsiasi momento, inviando una e-mail a privacy@comcart.it o scrivendo a &#8221; <sup>ComCart\u00ae<\/sup> S.r.l., con sede legale in Via Matteotti 43 &#8211; 47122 Gatteo (FC)&#8221;, potr\u00e0 chiedere a <sup>ComCart\u00ae<\/sup> di: <\/p>\n<ul>\n<li>\n<ul>\n<li>ricevere conferma dell&#8217;esistenza dei tuoi dati personali, conoscere le finalit\u00e0 del trattamento o il loro ambito di diffusione e accedere al loro contenuto;<\/li>\n<li>aggiornare, modificare e\/o correggere i tuoi dati personali;<\/li>\n<li>richiedere la cancellazione, la trasformazione in forma anonima, il blocco dei dati trattati in violazione di legge o la limitazione del trattamento;<\/li>\n<li>opporsi per motivi legittimi al trattamento, compresa la profilazione;<\/li>\n<li>opporsi al trattamento dei dati ai fini dell&#8217;invio di materiale pubblicitario o di vendita diretta o per il compimento di ricerche di mercato o di comunicazione commerciale;<\/li>\n<li>revocare il consenso, ove prestato, senza pregiudicare la liceit\u00e0 del trattamento basata sul consenso prestato prima della revoca;<\/li>\n<li>ricevere una copia dei dati che hai fornito e chiedere che tali dati vengano trasmessi a un altro titolare del trattamento.<\/li>\n<\/ul>\n<\/li>\n<\/ul>\n<p>Se ritieni che i tuoi diritti siano stati violati, puoi fare ricorso all&#8217;autorit\u00e0 di controllo competente ai sensi dell&#8217;articolo 77 del GDPR, fatta salva la possibilit\u00e0 di ricorrere direttamente all&#8217;autorit\u00e0 giudiziaria (articolo 79 del GDPR).<\/p>\n\t\t\t\t\t\t\t\t<\/div>\n\t\t\t\t<\/div>\n\t\t\t\t<\/div>\n\t\t\t\t\t<\/div>\n\t\t\t\t<\/div>\n\t\t\t\t<\/div>\n\t\t","protected":false},"excerpt":{"rendered":"<p>Informativa sulla privacy INFORMATIVA ai sensi dell&#8217;art. dall&#8217;art. 13 del Regolamento UE 679\/2016 (GDPR). Informiamo che ComCart\u00ae S.r.l. (di seguito [&hellip;]<\/p>\n","protected":false},"author":1,"featured_media":0,"parent":0,"menu_order":0,"comment_status":"closed","ping_status":"closed","template":"elementor_header_footer","meta":{"site-sidebar-layout":"no-sidebar","site-content-layout":"","ast-site-content-layout":"full-width-container","site-content-style":"default","site-sidebar-style":"default","ast-global-header-display":"","ast-banner-title-visibility":"","ast-main-header-display":"","ast-hfb-above-header-display":"","ast-hfb-below-header-display":"","ast-hfb-mobile-header-display":"","site-post-title":"disabled","ast-breadcrumbs-content":"","ast-featured-img":"disabled","footer-sml-layout":"","ast-disable-related-posts":"","theme-transparent-header-meta":"","adv-header-id-meta":"","stick-header-meta":"","header-above-stick-meta":"","header-main-stick-meta":"","header-below-stick-meta":"","astra-migrate-meta-layouts":"default","ast-page-background-enabled":"default","ast-page-background-meta":{"desktop":{"background-color":"var(--ast-global-color-4)","background-image":"","background-repeat":"repeat","background-position":"center center","background-size":"auto","background-attachment":"scroll","background-type":"","background-media":"","overlay-type":"","overlay-color":"","overlay-opacity":"","overlay-gradient":""},"tablet":{"background-color":"","background-image":"","background-repeat":"repeat","background-position":"center center","background-size":"auto","background-attachment":"scroll","background-type":"","background-media":"","overlay-type":"","overlay-color":"","overlay-opacity":"","overlay-gradient":""},"mobile":{"background-color":"","background-image":"","background-repeat":"repeat","background-position":"center center","background-size":"auto","background-attachment":"scroll","background-type":"","background-media":"","overlay-type":"","overlay-color":"","overlay-opacity":"","overlay-gradient":""}},"ast-content-background-meta":{"desktop":{"background-color":"var(--ast-global-color-5)","background-image":"","background-repeat":"repeat","background-position":"center center","background-size":"auto","background-attachment":"scroll","background-type":"","background-media":"","overlay-type":"","overlay-color":"","overlay-opacity":"","overlay-gradient":""},"tablet":{"background-color":"var(--ast-global-color-5)","background-image":"","background-repeat":"repeat","background-position":"center center","background-size":"auto","background-attachment":"scroll","background-type":"","background-media":"","overlay-type":"","overlay-color":"","overlay-opacity":"","overlay-gradient":""},"mobile":{"background-color":"var(--ast-global-color-5)","background-image":"","background-repeat":"repeat","background-position":"center center","background-size":"auto","background-attachment":"scroll","background-type":"","background-media":"","overlay-type":"","overlay-color":"","overlay-opacity":"","overlay-gradient":""}},"footnotes":""},"class_list":["post-2319","page","type-page","status-publish","hentry"],"_links":{"self":[{"href":"https:\/\/itservices.comcart.it\/it\/wp-json\/wp\/v2\/pages\/2319","targetHints":{"allow":["GET"]}}],"collection":[{"href":"https:\/\/itservices.comcart.it\/it\/wp-json\/wp\/v2\/pages"}],"about":[{"href":"https:\/\/itservices.comcart.it\/it\/wp-json\/wp\/v2\/types\/page"}],"author":[{"embeddable":true,"href":"https:\/\/itservices.comcart.it\/it\/wp-json\/wp\/v2\/users\/1"}],"replies":[{"embeddable":true,"href":"https:\/\/itservices.comcart.it\/it\/wp-json\/wp\/v2\/comments?post=2319"}],"version-history":[{"count":2,"href":"https:\/\/itservices.comcart.it\/it\/wp-json\/wp\/v2\/pages\/2319\/revisions"}],"predecessor-version":[{"id":2322,"href":"https:\/\/itservices.comcart.it\/it\/wp-json\/wp\/v2\/pages\/2319\/revisions\/2322"}],"wp:attachment":[{"href":"https:\/\/itservices.comcart.it\/it\/wp-json\/wp\/v2\/media?parent=2319"}],"curies":[{"name":"wp","href":"https:\/\/api.w.org\/{rel}","templated":true}]}}